{"id":6210,"date":"2023-03-27T15:57:53","date_gmt":"2023-03-27T12:57:53","guid":{"rendered":"https:\/\/vlanderon.com\/galeri\/kurumsal-website-galerisi\/"},"modified":"2025-09-08T11:49:43","modified_gmt":"2025-09-08T08:49:43","slug":"kurumsal-website-galerisi","status":"publish","type":"page","link":"https:\/\/vlanderon.com\/en\/galeri\/kurumsal-website-galerisi\/","title":{"rendered":"Web Design"},"content":{"rendered":"<div class=\"brz-root__container brz-reset-all brz brz-root__container-page\">\n<section id=\"_qoeztbggcitvufslfxhgdhjymwmizwjwonxv\" class=\"brz-section brz-css-sycvgi\">\n<div class=\"brz-section__content brz-section--boxed brz-css-1882jv brz-css-1dzole8\" data-brz-custom-id=\"bsnfhsfiqcsklrrvgfaibkwbpvejzsdezhis\">\n<div class=\"brz-bg\">\n<div class=\"brz-bg-image\"><\/div>\n<div class=\"brz-bg-color\"><\/div>\n<\/div>\n<div class=\"brz-container brz-css-1ekdfv7\">\n<div class=\"brz-row__container brz-css-16bz79q\" data-brz-custom-id=\"ypiwlwazimnynlnwemyqinhxmnvhnsungcag\">\n<div class=\"brz-bg\"><\/div>\n<div class=\"brz-row brz-css-eis2fs\">\n<div class=\"brz-columns brz-css-suw53x brz-css-c6ndxu\" data-brz-custom-id=\"vbwtqjthqxvuvxxmvwhghvyviacezweiqbft\">\n<div class=\"brz-bg\"><\/div>\n<div class=\"brz-column__items brz-css-16qngr0\">\n<div id=\"\" class=\"brz-css-1uyefn2 brz-css-j2x3c1 brz-wrapper\">\n<div class=\"brz-rich-text brz-rich-text__custom brz-css-12m10dj\" data-brz-custom-id=\"wmmbancyfwzchegoqqgzofifnkxdhtsacnax\">\n<div data-brz-translate-text=\"1\">\n<h2 class=\"brz-text-lg-center brz-ft-upload brz-fs-lg-62 brz-fss-lg-px brz-fw-lg-500 brz-ls-lg-m_1_5 brz-lh-lg-1 brz-tp-lg-empty brz-ff-mpjyynqwgvyhatkoestlnfxjlpjxmhldaxxc brz-css-dq4Nn\" data-uniq-id=\"iqknw\" data-generated-css=\"brz-css-dkgzd\"><strong>Advertisement, Promotional Film, Photography, Multimedia<\/strong><\/h2>\n<\/div>\n<\/div>\n<\/div>\n<\/div>\n<\/div>\n<\/div>\n<\/div>\n<\/div>\n<\/div>\n<\/section>\n<section id=\"_zgqwtvlqaalujvyctccvhmwpfubcvzfdnbzk\" class=\"brz-section brz-css-sycvgi\">\n<div class=\"brz-section__content brz-section--boxed brz-css-1882jv brz-css-1rocj5i\" data-brz-custom-id=\"abfnuveybiqinanqrdsnumbofdcnxmcmther\">\n<div class=\"brz-bg\">\n<div class=\"brz-bg-color\"><\/div>\n<\/div>\n<div class=\"brz-container brz-css-1ekdfv7\">\n<div class=\"brz-row__container brz-css-16bz79q\" data-brz-custom-id=\"haboxqlgwdkqmgbdzpcewbzhhdwxwxhumpru\">\n<div class=\"brz-bg\"><\/div>\n<div class=\"brz-row brz-css-eis2fs brz-css-126honv\">\n<div class=\"brz-columns brz-css-suw53x brz-css-1pcvwo7\" data-brz-custom-id=\"jmxesdddccikbnebaakbcyrgvlbnkeoviltp\">\n<div class=\"brz-bg\"><\/div>\n<div class=\"brz-column__items brz-css-16qngr0 brz-css-ems83m\">\n<div id=\"\" class=\"brz-css-1uyefn2 brz-css-tm1nrk brz-wrapper\">\n<div class=\"brz-rich-text brz-rich-text__custom brz-css-12m10dj\" data-brz-custom-id=\"mxprlxopndryvrydjmpyopdzqvauckmrpooh\">\n<div data-brz-translate-text=\"1\">\n<h1 class=\"brz-ff-xhmjbvrqbkqlffzvfmiyjgkwowqvkjfotwxd brz-ft-upload brz-fs-lg-32 brz-fss-lg-px brz-fw-lg-600 brz-ls-lg-m_1_5 brz-lh-lg-1_3 brz-tp-lg-empty brz-mt-lg-0 brz-text-lg-center brz-css-pTa6J\" data-generated-css=\"brz-css-qqine\" data-uniq-id=\"rppeo\">Corporate Websites<\/h1>\n<\/div>\n<\/div>\n<\/div>\n<div id=\"\" class=\"brz-css-1uyefn2 brz-wrapper\">\n<div class=\"brz-line brz-line-default brz-css-1dbogak brz-css-10b2rkv\" data-brz-custom-id=\"qknnxrlxjltczpvukdkdcxjfwrfuhnstesra\">\n<hr class=\"brz-hr\"><\/div>\n<\/div>\n<div class=\"brz-row__container brz-css-16bz79q\" data-brz-custom-id=\"dwgbritcxxzhrdbbcjdobzfedmiclwdfobdh\">\n<div class=\"brz-bg\"><\/div>\n<div class=\"brz-row brz-row--inner brz-css-eis2fs brz-css-126honv\">\n<div class=\"brz-columns brz-css-suw53x brz-css-d856u2\" data-brz-custom-id=\"tqsluypjdtvoyourhjdtuzlktygunuvkstlz\">\n<div class=\"brz-bg\"><\/div>\n<div class=\"brz-column__items brz-css-16qngr0 brz-css-5ia27s\">\n<div id=\"\" class=\"brz-css-1uyefn2 brz-wrapper\">\n<div class=\"brz-image brz-css-1ibxm3e brz-css-1i9e52i\" data-brz-custom-id=\"vxakmqfnlisjgsjzmybsrfbokwctzucfoqne\"><a class=\"brz-a\" href=\"https:\/\/dentamarla.com\" target=\"_blank\" rel=\"noopener\" data-brz-link-type=\"external\"><img decoding=\"async\" class=\"brz-img\" src=\"https:\/\/vlanderon.com\/en?brizy_media=wp-d4442c3385e13b4beed482c5d17cd186.jpg&amp;brizy_crop=original\" alt=\"\" loading=\"lazy\"><\/a><\/div>\n<\/div>\n<div id=\"\" class=\"brz-css-1uyefn2 brz-wrapper\">\n<div class=\"brz-rich-text brz-rich-text__custom brz-css-12m10dj\" data-brz-custom-id=\"bunniacvemdgddppaeeydluzcsnhugyxphhz\">\n<div data-brz-translate-text=\"1\">\n<p class=\"brz-text-lg-center brz-tp-lg-empty brz-ff-comfortaa brz-ft-google brz-fs-lg-20 brz-fss-lg-px brz-fw-lg-400 brz-ls-lg-0 brz-lh-lg-1_9 brz-css-udkVa\" data-uniq-id=\"jixnd\" data-generated-css=\"brz-css-bbrer\"><a class=\"link--external\" href=\"https:\/\/dentamarla.com\" data-brz-link-type=\"external\" target=\"_blank\">Denta Marla Clinic<\/a><\/p>\n<\/div>\n<\/div>\n<\/div>\n<\/div>\n<\/div>\n<div class=\"brz-columns brz-css-suw53x brz-css-1hl78hl\" data-brz-custom-id=\"srejmfzzcavuzecemlmrfdembtujzvudlaif\">\n<div class=\"brz-bg\"><\/div>\n<div class=\"brz-column__items brz-css-16qngr0 brz-css-112lbxh\">\n<div id=\"\" class=\"brz-css-1uyefn2 brz-wrapper\">\n<div class=\"brz-image brz-css-9pf9sz brz-css-1jff545\" data-brz-custom-id=\"fdojhboxtfqgdxksxcjvealaeiklbmbxitdz\"><a class=\"brz-a\" href=\"https:\/\/smilinic.com\/\" target=\"_blank\" rel=\"noopener\" data-brz-link-type=\"external\"><img decoding=\"async\" class=\"brz-img\" src=\"https:\/\/vlanderon.com\/en?brizy_media=wp-6afeb48e6375fbbd1b734e0d61b89191.jpg&amp;brizy_crop=original\" alt=\"\" loading=\"lazy\"><\/a><\/div>\n<\/div>\n<div id=\"\" class=\"brz-css-1uyefn2 brz-wrapper\">\n<div class=\"brz-rich-text brz-rich-text__custom brz-css-12m10dj\" data-brz-custom-id=\"ahzsvquwjzdlfahvadmwgwwikmuqhhsuzyba\">\n<div data-brz-translate-text=\"1\">\n<p class=\"brz-lh-lg-1_9 brz-ls-lg-0 brz-fw-lg-400 brz-fss-lg-px brz-fs-lg-20 brz-ft-upload brz-ff-mpjyynqwgvyhatkoestlnfxjlpjxmhldaxxc brz-tp-lg-empty brz-text-lg-center brz-css-cySDA\" data-uniq-id=\"pbiax\" data-generated-css=\"brz-css-kjmbl\"><a class=\"link--external\" href=\"https:\/\/smilinic.com\/\" data-brz-link-type=\"external\" target=\"_blank\">Smilinic<\/a><\/p>\n<\/div>\n<\/div>\n<\/div>\n<\/div>\n<\/div>\n<\/div>\n<\/div>\n<\/div>\n<\/div>\n<\/div>\n<\/div>\n<div class=\"brz-row__container brz-css-16bz79q\" data-brz-custom-id=\"swzincnkhwyasxqjutzuafrpjclrjlhhnycp\">\n<div class=\"brz-bg\"><\/div>\n<div class=\"brz-row brz-css-eis2fs\">\n<div class=\"brz-columns brz-css-suw53x brz-css-1j48d78\" data-brz-custom-id=\"fkdkbktdpwnpswxecyofnypepnkwdbfuqhxz\">\n<div class=\"brz-bg\"><\/div>\n<div class=\"brz-column__items brz-css-16qngr0 brz-css-484wwi\">\n<div id=\"\" class=\"brz-css-1uyefn2 brz-wrapper\">\n<div class=\"brz-image brz-css-jt83tn brz-css-vag111\" data-brz-custom-id=\"gfhsndkoucrqlhchpbepyksbpyamgfuwgtuh\"><a class=\"brz-a\" href=\"https:\/\/drmakclinic.com\" target=\"_blank\" rel=\"noopener\" data-brz-link-type=\"external\"><img decoding=\"async\" class=\"brz-img\" src=\"https:\/\/vlanderon.com\/en?brizy_media=wp-9e9d6f9dcb84a2502ba795ee62344d5c.jpg&amp;brizy_crop=original\" alt=\"\" loading=\"lazy\"><\/a><\/div>\n<\/div>\n<div id=\"\" class=\"brz-css-1uyefn2 brz-wrapper\">\n<div class=\"brz-rich-text brz-rich-text__custom brz-css-12m10dj\" data-brz-custom-id=\"epzezfznptufrmebbozlvaojmzznuhmnyrcu\">\n<div data-brz-translate-text=\"1\">\n<p class=\"brz-lh-lg-1_9 brz-ls-lg-0 brz-fw-lg-400 brz-fss-lg-px brz-fs-lg-20 brz-ft-upload brz-ff-mpjyynqwgvyhatkoestlnfxjlpjxmhldaxxc brz-tp-lg-empty brz-text-lg-center brz-css-onI0q\" data-uniq-id=\"lecps\" data-generated-css=\"brz-css-wpxom\"><a class=\"link--external\" href=\"https:\/\/drmakclinic.com\" data-brz-link-type=\"external\" target=\"_blank\">Dr. Mak Clinic<\/a><\/p>\n<\/div>\n<\/div>\n<\/div>\n<\/div>\n<\/div>\n<div class=\"brz-columns brz-css-suw53x brz-css-eyuih7\" data-brz-custom-id=\"zjvmzeygczlfsoqebrgbgshteomwtsuovbga\">\n<div class=\"brz-bg\"><\/div>\n<div class=\"brz-column__items brz-css-16qngr0 brz-css-1pbtsg1\">\n<div id=\"\" class=\"brz-css-1uyefn2 brz-wrapper\">\n<div class=\"brz-image brz-css-c963h9 brz-css-gngjnf\" data-brz-custom-id=\"iviqsidwctqtfokfunmgwizzxsqoinulkyeq\"><a class=\"brz-a\" href=\"https:\/\/findushealth.com\/\" target=\"_blank\" rel=\"noopener\" data-brz-link-type=\"external\"><img decoding=\"async\" class=\"brz-img\" src=\"https:\/\/vlanderon.com\/en?brizy_media=wp-08c5a751445527f3063b113538f79408.jpg&amp;brizy_crop=original\" alt=\"\" loading=\"lazy\"><\/a><\/div>\n<\/div>\n<div id=\"\" class=\"brz-css-1uyefn2 brz-wrapper\">\n<div class=\"brz-rich-text brz-rich-text__custom brz-css-12m10dj\" data-brz-custom-id=\"vnsienyqcerrfvvhdeiulfyficcjgfpoydhy\">\n<div data-brz-translate-text=\"1\">\n<p class=\"brz-text-lg-center brz-tp-lg-empty brz-ff-comfortaa brz-ft-google brz-fs-lg-20 brz-fss-lg-px brz-fw-lg-400 brz-ls-lg-0 brz-lh-lg-1_9 brz-css-qiIGE\" data-uniq-id=\"oolxx\" data-generated-css=\"brz-css-qlatz\"><a class=\"link--external\" href=\"https:\/\/findushealth.com\/\" data-brz-link-type=\"external\" target=\"_blank\">Find Us Health<\/a><\/p>\n<\/div>\n<\/div>\n<\/div>\n<\/div>\n<\/div>\n<\/div>\n<\/div>\n<div class=\"brz-row__container brz-css-16bz79q\" data-brz-custom-id=\"qjspqitsbsbljlsfqbblwgclglsducyrmqdk\">\n<div class=\"brz-bg\"><\/div>\n<div class=\"brz-row brz-css-eis2fs\">\n<div class=\"brz-columns brz-css-suw53x brz-css-4rvmq2\" data-brz-custom-id=\"ldldyjftdfbamueowunxtlaosbijtollldhp\">\n<div class=\"brz-bg\"><\/div>\n<div class=\"brz-column__items brz-css-16qngr0 brz-css-dkyqt7\">\n<div id=\"\" class=\"brz-css-1uyefn2 brz-wrapper\">\n<div class=\"brz-image brz-css-3hs1pu brz-css-15n3k44\" data-brz-custom-id=\"nnsoboskdxqmahzuambzcikdsgkesjkvxfzi\"><a class=\"brz-a\" href=\"https:\/\/semihhalezeroglu.com\/\" target=\"_blank\" rel=\"noopener\" data-brz-link-type=\"external\"><img decoding=\"async\" class=\"brz-img\" src=\"https:\/\/vlanderon.com\/en?brizy_media=wp-e60ac124c09e6f4e5930d1a450ddaf48.jpg&amp;brizy_crop=original\" alt=\"\" loading=\"lazy\"><\/a><\/div>\n<\/div>\n<div id=\"\" class=\"brz-css-1uyefn2 brz-wrapper\">\n<div class=\"brz-rich-text brz-rich-text__custom brz-css-12m10dj\" data-brz-custom-id=\"qbaezvfhmosxrgzigkxezzyhkdriffutgkit\">\n<div data-brz-translate-text=\"1\">\n<p class=\"brz-text-lg-center brz-tp-lg-empty brz-ff-mpjyynqwgvyhatkoestlnfxjlpjxmhldaxxc brz-ft-upload brz-fs-lg-20 brz-fss-lg-px brz-fw-lg-400 brz-ls-lg-0 brz-lh-lg-1_9 brz-css-kn5O9\" data-generated-css=\"brz-css-nfpqx\" data-uniq-id=\"xmqvs\"><a class=\"link--external\" href=\"https:\/\/semihhalezeroglu.com\/\" data-brz-link-type=\"external\" target=\"_blank\">Semih Halezero\u011flu<\/a><\/p>\n<\/div>\n<\/div>\n<\/div>\n<\/div>\n<\/div>\n<div class=\"brz-columns brz-css-suw53x brz-css-ggzn29\" data-brz-custom-id=\"gntgcdiojdhrbwueoorncdfxjfdfdneduawp\">\n<div class=\"brz-bg\"><\/div>\n<div class=\"brz-column__items brz-css-16qngr0 brz-css-11two57\">\n<div id=\"\" class=\"brz-css-1uyefn2 brz-wrapper\">\n<div class=\"brz-image brz-css-1ow4chd brz-css-1g2279x\" data-brz-custom-id=\"jqrxbvdrwpsyjkhgtejgkyehzezgjlpjgdea\"><a class=\"brz-a\" href=\"https:\/\/akcigercerrahisi.com\/\" target=\"_blank\" rel=\"noopener\" data-brz-link-type=\"external\"><img decoding=\"async\" class=\"brz-img\" src=\"https:\/\/vlanderon.com\/en?brizy_media=wp-3ca705cd47dd10e130923461079d776d.jpg&amp;brizy_crop=original\" alt=\"\" loading=\"lazy\"><\/a><\/div>\n<\/div>\n<div id=\"\" class=\"brz-css-1uyefn2 brz-wrapper\">\n<div class=\"brz-rich-text brz-rich-text__custom brz-css-12m10dj\" data-brz-custom-id=\"lmqrfsybvyujmsrvhmertpupeepqilhiltib\">\n<div data-brz-translate-text=\"1\">\n<p class=\"brz-text-lg-center brz-tp-lg-empty brz-ff-comfortaa brz-ft-google brz-fs-lg-20 brz-fss-lg-px brz-fw-lg-400 brz-ls-lg-0 brz-lh-lg-1_9 brz-css-gDfno\" data-uniq-id=\"sggiz\" data-generated-css=\"brz-css-epcjj\"><a class=\"link--external\" href=\"https:\/\/akcigercerrahisi.com\/\" data-brz-link-type=\"external\" target=\"_blank\">Akci\u011fer Cerrahisi<\/a><\/p>\n<\/div>\n<\/div>\n<\/div>\n<\/div>\n<\/div>\n<\/div>\n<\/div>\n<div class=\"brz-row__container brz-css-16bz79q\" data-brz-custom-id=\"xmtdninvruflrvytebkcjdmvboaxzfprpdla\">\n<div class=\"brz-bg\"><\/div>\n<div class=\"brz-row brz-css-eis2fs\">\n<div class=\"brz-columns brz-css-suw53x brz-css-ate4et\" data-brz-custom-id=\"yuvwanfoisfftblapqerhcszqbylvnzbbhns\">\n<div class=\"brz-bg\"><\/div>\n<div class=\"brz-column__items brz-css-16qngr0 brz-css-77m5u8\">\n<div id=\"\" class=\"brz-css-1uyefn2 brz-wrapper\">\n<div class=\"brz-image brz-css-w26jjt brz-css-kb3g20\" data-brz-custom-id=\"gnvratlgigwcfmsvqguklpkczeqjxfasxzhb\"><a class=\"brz-a\" href=\"https:\/\/5kardesler.com\/\" target=\"_blank\" rel=\"noopener\" data-brz-link-type=\"external\"><img decoding=\"async\" class=\"brz-img\" src=\"https:\/\/vlanderon.com\/en?brizy_media=wp-ae36a5583fb86fa563b7b6a988c0ff62.jpg&amp;brizy_crop=original\" alt=\"\" loading=\"lazy\"><\/a><\/div>\n<\/div>\n<div id=\"\" class=\"brz-css-1uyefn2 brz-wrapper\">\n<div class=\"brz-rich-text brz-rich-text__custom brz-css-12m10dj\" data-brz-custom-id=\"jayvmtjgnpllrgtmlopvtuwgaenqitcpxmmz\">\n<div data-brz-translate-text=\"1\">\n<p class=\"brz-text-lg-center brz-tp-lg-empty brz-ff-comfortaa brz-ft-google brz-fs-lg-20 brz-fss-lg-px brz-fw-lg-400 brz-ls-lg-0 brz-lh-lg-1_9 brz-css-psbqx\" data-uniq-id=\"hwgql\" data-generated-css=\"brz-css-isvnb\"><a class=\"link--external\" href=\"https:\/\/5kardesler.com\/\" data-brz-link-type=\"external\" target=\"_blank\">5 Karde\u015fler<\/a><\/p>\n<\/div>\n<\/div>\n<\/div>\n<\/div>\n<\/div>\n<div class=\"brz-columns brz-css-suw53x brz-css-d1uobp\" data-brz-custom-id=\"cmyiufkosvthiszkqezuedjkgzwfsaxzbokd\">\n<div class=\"brz-bg\"><\/div>\n<div class=\"brz-column__items brz-css-16qngr0 brz-css-1dh88rf\">\n<div id=\"\" class=\"brz-css-1uyefn2 brz-wrapper\">\n<div class=\"brz-image brz-css-1fx24b4 brz-css-p3u7bo\" data-brz-custom-id=\"zmiwchxulpewwvydidxqqdvckewpaspuhquz\"><a class=\"brz-a\" href=\"https:\/\/thkinsaat.com\/\" target=\"_blank\" rel=\"noopener\" data-brz-link-type=\"external\"><img decoding=\"async\" class=\"brz-img\" src=\"https:\/\/vlanderon.com\/en?brizy_media=wp-bc920573408ef20098cff935a5aa3776.jpg&amp;brizy_crop=original\" alt=\"\" loading=\"lazy\"><\/a><\/div>\n<\/div>\n<div id=\"\" class=\"brz-css-1uyefn2 brz-wrapper\">\n<div class=\"brz-rich-text brz-rich-text__custom brz-css-12m10dj\" data-brz-custom-id=\"padsocemfeorrkgztgbjximqgcfjjhfegtmp\">\n<div data-brz-translate-text=\"1\">\n<p class=\"brz-lh-lg-1_9 brz-ls-lg-0 brz-fw-lg-400 brz-fss-lg-px brz-fs-lg-20 brz-ft-google brz-ff-comfortaa brz-tp-lg-empty brz-text-lg-center brz-css-j3eIg\" data-generated-css=\"brz-css-ddjdj\" data-uniq-id=\"eplcy\"><a class=\"link--external\" href=\"https:\/\/thkinsaat.com\/\" data-brz-link-type=\"external\" target=\"_blank\">THK \u0130n\u015faat<\/a><\/p>\n<\/div>\n<\/div>\n<\/div>\n<\/div>\n<\/div>\n<div class=\"brz-columns brz-css-suw53x brz-css-7glois\" data-brz-custom-id=\"pimvbmljgqhdiykyzaeiegtvhbrlzmqtkbke\">\n<div class=\"brz-bg\"><\/div>\n<div class=\"brz-column__items brz-css-16qngr0 brz-css-qof5b6\">\n<div id=\"\" class=\"brz-css-1uyefn2 brz-wrapper\">\n<div class=\"brz-image brz-css-cvgd84 brz-css-1dvg3ji\" data-brz-custom-id=\"aoouhhlckdyofwwgsthmmmlvrbjiefpoigkl\"><a class=\"brz-a\" href=\"https:\/\/agasarmarble.com\/\" target=\"_blank\" rel=\"noopener\" data-brz-link-type=\"external\"><img decoding=\"async\" class=\"brz-img\" src=\"https:\/\/vlanderon.com\/en?brizy_media=wp-91e54a5550c42a36a43a4384f32e0f76.jpg&amp;brizy_crop=original\" alt=\"\" loading=\"lazy\"><\/a><\/div>\n<\/div>\n<div id=\"\" class=\"brz-css-1uyefn2 brz-wrapper\">\n<div class=\"brz-rich-text brz-rich-text__custom brz-css-12m10dj\" data-brz-custom-id=\"elbbirqpyflqyzkgwxulfjhbtnfdqmtbzjbp\">\n<div data-brz-translate-text=\"1\">\n<p class=\"brz-lh-lg-1_9 brz-ls-lg-0 brz-fw-lg-400 brz-fss-lg-px brz-fs-lg-20 brz-ft-google brz-ff-comfortaa brz-tp-lg-empty brz-text-lg-center brz-css-aduJ1\" data-generated-css=\"brz-css-txyzv\" data-uniq-id=\"aggbo\"><a class=\"link--external\" href=\"https:\/\/agasarmarble.com\/\" data-brz-link-type=\"external\" target=\"_blank\">A\u011fasar Marble<\/a><\/p>\n<\/div>\n<\/div>\n<\/div>\n<\/div>\n<\/div>\n<\/div>\n<\/div>\n<\/div>\n<\/div>\n<\/section>\n<\/div>\n<p>    <!-- version:1738191149 --><\/p>\n","protected":false},"excerpt":{"rendered":"<p>Advertisement, Promotional Film, Photography, Multimedia Corporate Websites Denta Marla Clinic Smilinic Dr. Mak Clinic Find Us Health Semih Halezero\u011flu Akci\u011fer Cerrahisi 5 Karde\u015fler THK \u0130n\u015faat A\u011fasar Marble<\/p>\n","protected":false},"author":1,"featured_media":0,"parent":6207,"menu_order":2,"comment_status":"closed","ping_status":"closed","template":"","meta":{"footnotes":""},"class_list":["post-6210","page","type-page","status-publish","hentry"],"blocksy_meta":[],"brizy_media":[{"id":1315,"url":"https:\/\/vlanderon.com\/wp-content\/uploads\/2022\/03\/negatifalan.webp","name":"negatifalan.webp","meta":{"brizy_attachment_uid":"wp-b8123aa480d5713e05c502ab69133023.webp","brizy_post_uid":["170c5f4582779eef68560ce63f71e68d"]}},{"id":1313,"url":"https:\/\/vlanderon.com\/wp-content\/uploads\/2022\/03\/dinamikaralik.webp","name":"dinamikaralik.webp","meta":{"brizy_attachment_uid":"wp-5dac00fc9bb5f4ea75e22b973f37fdc6.webp","brizy_post_uid":["170c5f4582779eef68560ce63f71e68d"]}},{"id":1323,"url":"https:\/\/vlanderon.com\/wp-content\/uploads\/2022\/03\/beyazdengesi.webp","name":"beyazdengesi.webp","meta":{"brizy_attachment_uid":"wp-8f2137bdf0f0975dc83db71acaae7fe1.webp","brizy_post_uid":["170c5f4582779eef68560ce63f71e68d"]}},{"id":3341,"url":"https:\/\/vlanderon.com\/wp-content\/uploads\/2023\/03\/wp-5c43a587d4514a3e7424bbddc31dec21.png","name":"wp-5c43a587d4514a3e7424bbddc31dec21.png","meta":{"brizy_attachment_uid":"wp-5c43a587d4514a3e7424bbddc31dec21.png","brizy_post_uid":["170c5f4582779eef68560ce63f71e68d"]}},{"id":192,"url":"https:\/\/vlanderon.com\/wp-content\/uploads\/2022\/03\/wp-3d79952f0dc0a280f9a2d77b702aceee.jpg","name":"wp-3d79952f0dc0a280f9a2d77b702aceee.jpg","meta":{"brizy_attachment_uid":"wp-3d79952f0dc0a280f9a2d77b702aceee.jpg","brizy_post_uid":["170c5f4582779eef68560ce63f71e68d"]}},{"id":1307,"url":"https:\/\/vlanderon.com\/wp-content\/uploads\/2022\/03\/pozlama.jpeg","name":"pozlama.jpeg","meta":{"brizy_attachment_uid":"wp-d44408e8e309edef8326b8976b13acc6.jpeg","brizy_post_uid":["170c5f4582779eef68560ce63f71e68d"]}}],"_links":{"self":[{"href":"https:\/\/vlanderon.com\/en\/wp-json\/wp\/v2\/pages\/6210","targetHints":{"allow":["GET"]}}],"collection":[{"href":"https:\/\/vlanderon.com\/en\/wp-json\/wp\/v2\/pages"}],"about":[{"href":"https:\/\/vlanderon.com\/en\/wp-json\/wp\/v2\/types\/page"}],"author":[{"embeddable":true,"href":"https:\/\/vlanderon.com\/en\/wp-json\/wp\/v2\/users\/1"}],"replies":[{"embeddable":true,"href":"https:\/\/vlanderon.com\/en\/wp-json\/wp\/v2\/comments?post=6210"}],"version-history":[{"count":0,"href":"https:\/\/vlanderon.com\/en\/wp-json\/wp\/v2\/pages\/6210\/revisions"}],"up":[{"embeddable":true,"href":"https:\/\/vlanderon.com\/en\/wp-json\/wp\/v2\/pages\/6207"}],"wp:attachment":[{"href":"https:\/\/vlanderon.com\/en\/wp-json\/wp\/v2\/media?parent=6210"}],"curies":[{"name":"wp","href":"https:\/\/api.w.org\/{rel}","templated":true}]}}